{"id":820,"date":"2014-11-19T13:45:06","date_gmt":"2014-11-19T13:45:06","guid":{"rendered":"http:\/\/www.gultekinaltuntas.com\/?page_id=820"},"modified":"2026-04-02T16:30:20","modified_gmt":"2026-04-02T13:30:20","slug":"projeler","status":"publish","type":"page","link":"https:\/\/www.gultekinaltuntas.com\/?page_id=820","title":{"rendered":"Projeler"},"content":{"rendered":"<p style=\"text-align: justify;\">Kurumlar \u00e7o\u011fu zaman ne yapmak istediklerini bilir; as\u0131l zor olan, neyi yapmamalar\u0131 gerekti\u011fini netle\u015ftirmektir.<\/p>\n<p style=\"text-align: justify;\">Y\u00fcr\u00fctt\u00fc\u011f\u00fcm projeler tam olarak bu netli\u011fi sa\u011flamak \u00fczere tasarlan\u0131r. Akademik temelli ama sahaya dokunan bir yakla\u015f\u0131mla, gerek kamu kurumlar\u0131nda, gerek k\u00fc\u00e7\u00fck\/orta\/b\u00fcy\u00fck \u00f6l\u00e7ekli \u00f6zel sekt\u00f6r i\u015fletmelerinde, gerekse sivil toplum kurulu\u015flar\u0131nda strateji, organizasyon ve insan kaynaklar\u0131 y\u00f6netimi eksenli d\u00f6n\u00fc\u015f\u00fcm projeleri y\u00fcr\u00fctt\u00fcm.<\/p>\n<p style=\"text-align: justify;\">Proje alanlar\u0131m a\u011f\u0131rl\u0131kl\u0131 olarak \u015funlar\u0131 kapsar:<\/p>\n<ol>\n<li style=\"list-style-type: none;\">\n<ol>\n<li style=\"text-align: justify;\">Aile Anayasalar\u0131<\/li>\n<li style=\"text-align: justify;\">\u0130htiya\u00e7 ve (SWOT, Pazar, Rekabet vb.) Mevcut Durum Analizleri<\/li>\n<li style=\"text-align: justify;\">Stratejik Planlama ve Yol Haritas\u0131 Tasar\u0131m\u0131<\/li>\n<li style=\"text-align: justify;\">Organizasyon\/Reorganizasyon, Yeniden Yap\u0131land\u0131rma ve Tasar\u0131m<\/li>\n<li style=\"text-align: justify;\">Kurum K\u00fclt\u00fcr\u00fc, \u00c7al\u0131\u015fan, Vatanda\u015f ve M\u00fc\u015fteri Memnuniyeti, Ba\u011fl\u0131l\u0131\u011f\u0131 ve Sadakati ile Marka Bilinirli\u011fi \u00c7al\u0131\u015fmalar\u0131<\/li>\n<li style=\"text-align: justify;\">\u0130nsan Kaynaklar\u0131 Planlamas\u0131 (Norm Kadro Analizi), Se\u00e7me ve Yerle\u015ftirme, \u0130\u015f De\u011ferleme ve \u00dccret ve Yan Haklar Y\u00f6netimi, Performans, Kariyer, E\u011fitim ve Geli\u015fim Y\u00f6netimi<\/li>\n<li style=\"text-align: justify;\">Karar Verme, Yer Se\u00e7imi Problemleri, Fizibilite ve \u00d6nceliklendirme \u00c7al\u0131\u015fmalar\u0131<\/li>\n<li style=\"text-align: justify;\">S\u00fcre\u00e7 Tasar\u0131m ve Verimlilik Analizleri<\/li>\n<\/ol>\n<\/li>\n<\/ol>\n<p style=\"text-align: justify;\">Bu projelerde temel yakla\u015f\u0131m\u0131m \u015fudur:<\/p>\n<blockquote><p>&nbsp;<\/p>\n<p style=\"text-align: justify;\">Kurumlar\u0131 \u201cdaha \u00e7ok \u015fey yapmaya\u201d de\u011fil, daha do\u011fru \u015feyleri se\u00e7meye y\u00f6nlendirmek.<\/p>\n<\/blockquote>\n<p style=\"text-align: justify;\">Her projede;<\/p>\n<ol>\n<li style=\"list-style-type: none;\">\n<ol>\n<li style=\"text-align: justify;\">Kaynak kullan\u0131m\u0131n\u0131,<\/li>\n<li style=\"text-align: justify;\">Karar alma h\u0131z\u0131n\u0131,<\/li>\n<li style=\"text-align: justify;\">Rol ve sorumluluk netli\u011fini,<\/li>\n<li style=\"text-align: justify;\">Performans\u2013\u00e7\u0131kt\u0131 ili\u015fkisini <strong><i>\u00f6l\u00e7\u00fclebilir g\u00f6stergelerle<\/i><\/strong> ele al\u0131r\u0131m.<\/li>\n<\/ol>\n<\/li>\n<\/ol>\n<p style=\"text-align: justify;\">Ama bunu yaparken <strong><i>moda kavramlar\u0131 \u00e7o\u011faltmak yerine<\/i><\/strong>, kurumun <strong><i>ger\u00e7ek darbo\u011fazlar\u0131n\u0131 g\u00f6r\u00fcn\u00fcr k\u0131lmay\u0131<\/i><\/strong> tercih ederim.<\/p>\n<p style=\"text-align: justify;\">Referans \u00e7er\u00e7eveme gelince, bug\u00fcne kadar y\u00fcr\u00fctt\u00fc\u011f\u00fcm projeler;<\/p>\n<ol>\n<li style=\"list-style-type: none;\">\n<ol>\n<li style=\"text-align: justify;\">Kamu kurumlar\u0131 ve yerel y\u00f6netimler,<\/li>\n<li style=\"text-align: justify;\">Lojistik ve hizmet sekt\u00f6r\u00fc i\u015fletmeleri,<\/li>\n<li style=\"text-align: justify;\">K\u00fc\u00e7\u00fck\/orta\/b\u00fcy\u00fck \u00f6l\u00e7ekli sanayi ve ticaret i\u015fletmeleri,<\/li>\n<li style=\"text-align: justify;\">\u00dcniversiteler ve teknoloji merkezleri gibi farkl\u0131 yap\u0131larda, farkl\u0131 \u00f6l\u00e7eklerde hayata ge\u00e7irilmi\u015ftir.<\/li>\n<\/ol>\n<\/li>\n<\/ol>\n<p style=\"text-align: justify;\">Ortak beklenti hep ayn\u0131d\u0131r:<\/p>\n<blockquote><p>&nbsp;<\/p>\n<p style=\"text-align: justify;\">Netlik, uygulanabilirlik ve karar alma cesareti.<\/p>\n<\/blockquote>\n<p style=\"text-align: justify;\">Benim projelerdeki katk\u0131m da tam olarak burada ortaya \u00e7\u0131kar.<\/p>\n","protected":false},"excerpt":{"rendered":"<p>Kurumlar \u00e7o\u011fu zaman ne yapmak istediklerini bilir; as\u0131l zor olan, neyi yapmamalar\u0131 gerekti\u011fini netle\u015ftirmektir. Y\u00fcr\u00fctt\u00fc\u011f\u00fcm projeler tam olarak bu netli\u011fi sa\u011flamak \u00fczere tasarlan\u0131r. Akademik temelli ama sahaya dokunan bir yakla\u015f\u0131mla, gerek kamu kurumlar\u0131nda, gerek k\u00fc\u00e7\u00fck\/orta\/b\u00fcy\u00fck \u00f6l\u00e7ekli \u00f6zel sekt\u00f6r i\u015fletmelerinde, gerekse sivil toplum kurulu\u015flar\u0131nda strateji, organizasyon ve insan kaynaklar\u0131 y\u00f6netimi eksenli d\u00f6n\u00fc\u015f\u00fcm projeleri y\u00fcr\u00fctt\u00fcm. Proje alanlar\u0131m<\/p>\n","protected":false},"author":1,"featured_media":0,"parent":0,"menu_order":2,"comment_status":"closed","ping_status":"closed","template":"","meta":{"advanced_seo_description":"","jetpack_seo_html_title":"","jetpack_seo_noindex":false,"jetpack_post_was_ever_published":false,"footnotes":""},"class_list":["post-820","page","type-page","status-publish","hentry"],"jetpack_sharing_enabled":true,"jetpack_shortlink":"https:\/\/wp.me\/P5nO7q-de","jetpack-related-posts":[],"_links":{"self":[{"href":"https:\/\/www.gultekinaltuntas.com\/index.php?rest_route=\/wp\/v2\/pages\/820","targetHints":{"allow":["GET"]}}],"collection":[{"href":"https:\/\/www.gultekinaltuntas.com\/index.php?rest_route=\/wp\/v2\/pages"}],"about":[{"href":"https:\/\/www.gultekinaltuntas.com\/index.php?rest_route=\/wp\/v2\/types\/page"}],"author":[{"embeddable":true,"href":"https:\/\/www.gultekinaltuntas.com\/index.php?rest_route=\/wp\/v2\/users\/1"}],"replies":[{"embeddable":true,"href":"https:\/\/www.gultekinaltuntas.com\/index.php?rest_route=%2Fwp%2Fv2%2Fcomments&post=820"}],"version-history":[{"count":31,"href":"https:\/\/www.gultekinaltuntas.com\/index.php?rest_route=\/wp\/v2\/pages\/820\/revisions"}],"predecessor-version":[{"id":2483,"href":"https:\/\/www.gultekinaltuntas.com\/index.php?rest_route=\/wp\/v2\/pages\/820\/revisions\/2483"}],"wp:attachment":[{"href":"https:\/\/www.gultekinaltuntas.com\/index.php?rest_route=%2Fwp%2Fv2%2Fmedia&parent=820"}],"curies":[{"name":"wp","href":"https:\/\/api.w.org\/{rel}","templated":true}]}}